{"id":657,"date":"2024-04-16T15:08:54","date_gmt":"2024-04-16T18:08:54","guid":{"rendered":"https:\/\/clicksexy.shop\/produto\/vibrador-transparente-com-textura-sex-shop\/"},"modified":"2024-05-29T16:41:02","modified_gmt":"2024-05-29T19:41:02","slug":"vibrador-transparente-com-textura-sex-shop","status":"publish","type":"product","link":"https:\/\/clicksexy.shop\/?product=vibrador-transparente-com-textura-sex-shop","title":{"rendered":"VIBRADOR TRANSPARENTE COM TEXTURA"},"content":{"rendered":"<p>Vibrador no modelo personal 2 em 1. Sua aste possui ondula\u00e7\u00f5es que d\u00e3o muito prazer na penetra\u00e7\u00e3o. Possui uma capa de silicone texturizada que amplia o prazer. A capa pode ser usada no vibrador ou no p\u00eanis. Possui um modo de vibra\u00e7\u00e3o com diferentes itensidades.<\/p>\n<p>Caracter\u00edsticas:<\/p>\n<p>Design transparente para uma experi\u00eancia visualmente excitante.<br \/>\nTextura que estimula e envolve, proporcionando sensa\u00e7\u00f5es intensas.<br \/>\nModo de vibra\u00e7\u00e3o multivelocidade para personalizar sua experi\u00eancia.<br \/>\nEspecifica\u00e7\u00f5es T\u00e9cnicas:<\/p>\n<p>Utiliza 2 pilhas AAA (n\u00e3o inclusas).<br \/>\nRecomenda\u00e7\u00f5es:<br \/>\nAntes e ap\u00f3s o uso, lave o vibrador com \u00e1gua fria e sabonete bactericida. Seque com papel toalha descart\u00e1vel ou deixe secar naturalmente para garantir uma experi\u00eancia higi\u00eanica e duradoura.<\/p>\n<p>Descubra o prazer personalizado com o Vibrador Transparente com Textura e Multivelocidade. Adquira o seu no nosso Sex Shop e entregue-se a momentos de lux\u00faria e satisfa\u00e7\u00e3o. Transforme suas fantasias em realidade com este vibrador elegante e potente.<\/p>\n","protected":false},"excerpt":{"rendered":"<p>Vibrador no modelo personal 2 em 1. Sua aste possui ondula\u00e7\u00f5es que d\u00e3o muito prazer na penetra\u00e7\u00e3o. Possui uma capa de silicone texturizada que amplia o prazer. A capa pode ser usada no vibrador ou no p\u00eanis. Possui um modo de vibra\u00e7\u00e3o com diferentes itensidades.<\/p>\n<p>Caracter\u00edsticas:<\/p>\n<p>Design transparente para uma experi\u00eancia visualmente excitante.<br \/>\nTextura que estimula e envolve, proporcionando sensa\u00e7\u00f5es intensas.<br \/>\nModo de vibra\u00e7\u00e3o multivelocidade para personalizar sua experi\u00eancia.<br \/>\nEspecifica\u00e7\u00f5es T\u00e9cnicas:<\/p>\n<p>Utiliza 2 pilhas AAA (n\u00e3o inclusas).<br \/>\nRecomenda\u00e7\u00f5es:<br \/>\nAntes e ap\u00f3s o uso, lave o vibrador com \u00e1gua fria e sabonete bactericida. Seque com papel toalha descart\u00e1vel ou deixe secar naturalmente para garantir uma experi\u00eancia higi\u00eanica e duradoura.<\/p>\n<p>Descubra o prazer personalizado com o Vibrador Transparente com Textura e Multivelocidade. Adquira o seu no nosso Sex Shop e entregue-se a momentos de lux\u00faria e satisfa\u00e7\u00e3o. Transforme suas fantasias em realidade com este vibrador elegante e potente.<\/p>\n","protected":false},"featured_media":956,"comment_status":"open","ping_status":"closed","template":"","meta":{"advanced_seo_description":"","jetpack_seo_html_title":"","jetpack_seo_noindex":false,"_joinchat":[],"jetpack_publicize_message":"","jetpack_publicize_feature_enabled":true,"jetpack_social_post_already_shared":true,"jetpack_social_options":{"image_generator_settings":{"template":"highway","default_image_id":0,"font":"","enabled":false},"version":2},"_wpas_customize_per_network":false},"product_brand":[],"product_cat":[1390,1375],"product_tag":[],"class_list":["post-657","product","type-product","status-publish","has-post-thumbnail","product_cat-produtos","product_cat-vibrador-simples","first","instock","taxable","shipping-taxable","purchasable","product-type-variable"],"exclude_global_add_ons":[],"addons":[],"jetpack_publicize_connections":[],"jetpack_sharing_enabled":true,"jetpack_likes_enabled":true,"_links":{"self":[{"href":"https:\/\/clicksexy.shop\/index.php?rest_route=\/wp\/v2\/product\/657","targetHints":{"allow":["GET"]}}],"collection":[{"href":"https:\/\/clicksexy.shop\/index.php?rest_route=\/wp\/v2\/product"}],"about":[{"href":"https:\/\/clicksexy.shop\/index.php?rest_route=\/wp\/v2\/types\/product"}],"replies":[{"embeddable":true,"href":"https:\/\/clicksexy.shop\/index.php?rest_route=%2Fwp%2Fv2%2Fcomments&post=657"}],"version-history":[{"count":2,"href":"https:\/\/clicksexy.shop\/index.php?rest_route=\/wp\/v2\/product\/657\/revisions"}],"predecessor-version":[{"id":783,"href":"https:\/\/clicksexy.shop\/index.php?rest_route=\/wp\/v2\/product\/657\/revisions\/783"}],"wp:featuredmedia":[{"embeddable":true,"href":"https:\/\/clicksexy.shop\/index.php?rest_route=\/wp\/v2\/media\/956"}],"wp:attachment":[{"href":"https:\/\/clicksexy.shop\/index.php?rest_route=%2Fwp%2Fv2%2Fmedia&parent=657"}],"wp:term":[{"taxonomy":"product_brand","embeddable":true,"href":"https:\/\/clicksexy.shop\/index.php?rest_route=%2Fwp%2Fv2%2Fproduct_brand&post=657"},{"taxonomy":"product_cat","embeddable":true,"href":"https:\/\/clicksexy.shop\/index.php?rest_route=%2Fwp%2Fv2%2Fproduct_cat&post=657"},{"taxonomy":"product_tag","embeddable":true,"href":"https:\/\/clicksexy.shop\/index.php?rest_route=%2Fwp%2Fv2%2Fproduct_tag&post=657"}],"curies":[{"name":"wp","href":"https:\/\/api.w.org\/{rel}","templated":true}]}}