{"id":857,"date":"2024-05-22T14:44:07","date_gmt":"2024-05-22T17:44:07","guid":{"rendered":"https:\/\/clicksexy.shop\/produto\/vibrador-golfinho-po-app\/"},"modified":"2025-08-16T04:19:45","modified_gmt":"2025-08-16T07:19:45","slug":"vibrador-golfinho-por-app","status":"publish","type":"product","link":"https:\/\/clicksexy.shop\/?product=vibrador-golfinho-por-app","title":{"rendered":"Vibrador Golfinho por APP"},"content":{"rendered":"<p>Vibrador casal com vibra\u00e7\u00e3o e estimulador clitoriano por ondas de press\u00e3o por aplicativo.<\/p>\n<p>Bateria: Vibrador \u2013 Recarreg\u00e1vel USB (cabo incluso)<\/p>\n<p>Desempenho: 10 modos de vibra\u00e7\u00e3o + 10 de estimula\u00e7\u00e3o<\/p>\n<p>Medidas aprox.: Vibrador \u2013 180 x 90 x 37 x 27 mm<\/p>\n<p>Material: Silicone + ABS<\/p>\n<p>OBS: As medidas informadas s\u00e3o aproximadas, podendo sofrer leves varia\u00e7\u00f5es.<\/p>\n<p>Cuidados: Higienizar com \u00e1gua e sab\u00e3o neutro antes e ap\u00f3s o uso. Ap\u00f3s a lavagem, seque com papel toalha ou deixe secar naturalmente. N\u00e3o usar em \u00e1reas inflamadas, irritadas ou inchadas.<\/p>\n","protected":false},"excerpt":{"rendered":"<p>Vibrador casal com vibra\u00e7\u00e3o e estimulador clitoriano por ondas de press\u00e3o por aplicativo. Bateria: Vibrador \u2013 Recarreg\u00e1vel USB (cabo incluso) Desempenho: 10 modos de vibra\u00e7\u00e3o + 10 de estimula\u00e7\u00e3o Medidas aprox.: Vibrador \u2013 180 x 90 x 37 x 27 mm Material: Silicone + ABS OBS: As medidas informadas s\u00e3o aproximadas, podendo sofrer leves varia\u00e7\u00f5es. [&hellip;]<\/p>\n","protected":false},"featured_media":903,"comment_status":"open","ping_status":"closed","template":"","meta":{"advanced_seo_description":"","jetpack_seo_html_title":"","jetpack_seo_noindex":false,"_joinchat":[],"jetpack_publicize_message":"","jetpack_publicize_feature_enabled":true,"jetpack_social_post_already_shared":true,"jetpack_social_options":{"image_generator_settings":{"template":"highway","default_image_id":0,"font":"","enabled":false},"version":2},"_wpas_customize_per_network":false},"product_brand":[],"product_cat":[1390,1374,1373],"product_tag":[],"class_list":{"0":"post-857","1":"product","2":"type-product","3":"status-publish","4":"has-post-thumbnail","6":"product_cat-produtos","7":"product_cat-vibrador-duplo","8":"product_cat-vibrador-por-aplicativo","10":"first","11":"instock","12":"taxable","13":"shipping-taxable","14":"purchasable","15":"product-type-variable"},"exclude_global_add_ons":[],"addons":[],"jetpack_publicize_connections":[],"jetpack_sharing_enabled":true,"jetpack_likes_enabled":true,"_links":{"self":[{"href":"https:\/\/clicksexy.shop\/index.php?rest_route=\/wp\/v2\/product\/857","targetHints":{"allow":["GET"]}}],"collection":[{"href":"https:\/\/clicksexy.shop\/index.php?rest_route=\/wp\/v2\/product"}],"about":[{"href":"https:\/\/clicksexy.shop\/index.php?rest_route=\/wp\/v2\/types\/product"}],"replies":[{"embeddable":true,"href":"https:\/\/clicksexy.shop\/index.php?rest_route=%2Fwp%2Fv2%2Fcomments&post=857"}],"version-history":[{"count":0,"href":"https:\/\/clicksexy.shop\/index.php?rest_route=\/wp\/v2\/product\/857\/revisions"}],"wp:featuredmedia":[{"embeddable":true,"href":"https:\/\/clicksexy.shop\/index.php?rest_route=\/wp\/v2\/media\/903"}],"wp:attachment":[{"href":"https:\/\/clicksexy.shop\/index.php?rest_route=%2Fwp%2Fv2%2Fmedia&parent=857"}],"wp:term":[{"taxonomy":"product_brand","embeddable":true,"href":"https:\/\/clicksexy.shop\/index.php?rest_route=%2Fwp%2Fv2%2Fproduct_brand&post=857"},{"taxonomy":"product_cat","embeddable":true,"href":"https:\/\/clicksexy.shop\/index.php?rest_route=%2Fwp%2Fv2%2Fproduct_cat&post=857"},{"taxonomy":"product_tag","embeddable":true,"href":"https:\/\/clicksexy.shop\/index.php?rest_route=%2Fwp%2Fv2%2Fproduct_tag&post=857"}],"curies":[{"name":"wp","href":"https:\/\/api.w.org\/{rel}","templated":true}]}}