{"id":864,"date":"2024-05-22T15:52:31","date_gmt":"2024-05-22T18:52:31","guid":{"rendered":"https:\/\/clicksexy.shop\/produto\/vibrador-com-estimulador-vem-ca\/"},"modified":"2025-12-04T03:59:32","modified_gmt":"2025-12-04T06:59:32","slug":"vibrador-com-estimulador-vem-ca","status":"publish","type":"product","link":"https:\/\/clicksexy.shop\/?product=vibrador-com-estimulador-vem-ca","title":{"rendered":"Vibrador com Estimulador Vem c\u00e1"},"content":{"rendered":"<p>Estimulador clitoriano duplo em formato de flor, sendo: Um estimulador por ondas de press\u00e3o em formato de flor e um estimulador do ponto G. Possui toque suave, aveludado e detalhes metalizados.<br \/>\nBateria: Recarreg\u00e1vel USB (cabo magn\u00e9tico incluso)<br \/>\nDesempenho: 10 modos de estimula\u00e7\u00e3o + 10 modos de est\u00edmulo do ponto G<br \/>\nMedidas aprox.: 368 x 55 x 31 mm<br \/>\nMaterial: Silicone + ABS<br \/>\nOp\u00e7\u00e3o de cor: Vermelho e Rosa<\/p>\n<p>OBS: As medidas informadas s\u00e3o aproximadas, podendo sofrer leves varia\u00e7\u00f5es.<\/p>\n<p>Cuidados: Higienizar com \u00e1gua e sab\u00e3o neutro antes e ap\u00f3s o uso. Ap\u00f3s a lavagem, seque com papel toalha ou deixe secar naturalmente. N\u00e3o usar em \u00e1reas inflamadas, irritadas ou inchadas.<\/p>\n","protected":false},"excerpt":{"rendered":"<p>Estimulador clitoriano duplo em formato de flor, sendo: Um estimulador por ondas de press\u00e3o em formato de flor e um estimulador do ponto G. Possui toque suave, aveludado e detalhes metalizados. Bateria: Recarreg\u00e1vel USB (cabo magn\u00e9tico incluso) Desempenho: 10 modos de estimula\u00e7\u00e3o + 10 modos de est\u00edmulo do ponto G Medidas aprox.: 368 x 55 [&hellip;]<\/p>\n","protected":false},"featured_media":912,"comment_status":"open","ping_status":"closed","template":"","meta":{"advanced_seo_description":"","jetpack_seo_html_title":"","jetpack_seo_noindex":false,"_joinchat":[],"jetpack_publicize_message":"","jetpack_publicize_feature_enabled":true,"jetpack_social_post_already_shared":true,"jetpack_social_options":{"image_generator_settings":{"template":"highway","default_image_id":0,"font":"","enabled":false},"version":2},"_wpas_customize_per_network":false},"product_brand":[],"product_cat":[1384,1390,1374],"product_tag":[],"class_list":["post-864","product","type-product","status-publish","has-post-thumbnail","product_cat-ponto-g","product_cat-produtos","product_cat-vibrador-duplo","first","instock","taxable","shipping-taxable","purchasable","product-type-variable"],"exclude_global_add_ons":[],"addons":[],"jetpack_publicize_connections":[],"jetpack_sharing_enabled":true,"jetpack_likes_enabled":true,"_links":{"self":[{"href":"https:\/\/clicksexy.shop\/index.php?rest_route=\/wp\/v2\/product\/864","targetHints":{"allow":["GET"]}}],"collection":[{"href":"https:\/\/clicksexy.shop\/index.php?rest_route=\/wp\/v2\/product"}],"about":[{"href":"https:\/\/clicksexy.shop\/index.php?rest_route=\/wp\/v2\/types\/product"}],"replies":[{"embeddable":true,"href":"https:\/\/clicksexy.shop\/index.php?rest_route=%2Fwp%2Fv2%2Fcomments&post=864"}],"version-history":[{"count":1,"href":"https:\/\/clicksexy.shop\/index.php?rest_route=\/wp\/v2\/product\/864\/revisions"}],"predecessor-version":[{"id":936,"href":"https:\/\/clicksexy.shop\/index.php?rest_route=\/wp\/v2\/product\/864\/revisions\/936"}],"wp:featuredmedia":[{"embeddable":true,"href":"https:\/\/clicksexy.shop\/index.php?rest_route=\/wp\/v2\/media\/912"}],"wp:attachment":[{"href":"https:\/\/clicksexy.shop\/index.php?rest_route=%2Fwp%2Fv2%2Fmedia&parent=864"}],"wp:term":[{"taxonomy":"product_brand","embeddable":true,"href":"https:\/\/clicksexy.shop\/index.php?rest_route=%2Fwp%2Fv2%2Fproduct_brand&post=864"},{"taxonomy":"product_cat","embeddable":true,"href":"https:\/\/clicksexy.shop\/index.php?rest_route=%2Fwp%2Fv2%2Fproduct_cat&post=864"},{"taxonomy":"product_tag","embeddable":true,"href":"https:\/\/clicksexy.shop\/index.php?rest_route=%2Fwp%2Fv2%2Fproduct_tag&post=864"}],"curies":[{"name":"wp","href":"https:\/\/api.w.org\/{rel}","templated":true}]}}